{"id":2894,"date":"2024-06-30T17:40:28","date_gmt":"2024-06-30T08:40:28","guid":{"rendered":"https:\/\/kinokaze.jp\/?page_id=2894"},"modified":"2024-07-06T18:27:31","modified_gmt":"2024-07-06T09:27:31","slug":"japanese-ancestors","status":"publish","type":"page","link":"https:\/\/kinokaze.jp\/pt\/japanese-ancestors\/","title":{"rendered":"Pesquisa de Ancestrais do Brazilin Japon\u00eas"},"content":{"rendered":"\n<div class=\"wp-block-vk-blocks-spacer vk_spacer vk_spacer-type-margin-top\"><div class=\"vk_block-margin-md--margin-top\"><\/div><\/div>\n\n\n\n<p>Muitos nipo-brasileiros que vivem no estrangeiro n\u00e3o conseguem encontrar as suas ra\u00edzes devido \u00e0s mudan\u00e7as sociais e ambientais.<br><br>\u3000At\u00e9 agora, a pesquisa de ra\u00edzes tem sido dif\u00edcil para os nipo-burazilianos que vivem no estrangeiro. A \u00fanica forma de obter um resultado satisfat\u00f3rio era vir ao Jap\u00e3o e investigar por conta pr\u00f3pria, ou confiar em conhecidos e contactos locais.<br>Mesmo que sejam solicitados peritos estrangeiros, \u00e9 dif\u00edcil realizar uma pesquisa bibliogr\u00e1fica detalhada no estrangeiro porque o Jap\u00e3o est\u00e1 atrasado na digitaliza\u00e7\u00e3o de registos e muitos registos ainda s\u00f3 est\u00e3o dispon\u00edveis em museus e bibliotecas.<br>\u3000Al\u00e9m disso, os documentos antigos, que s\u00e3o documentos hist\u00f3ricos importantes para a pesquisa dos antepassados japoneses, s\u00e3o dif\u00edceis de serem lidos por especialistas do exterior, pois a maioria dos japoneses n\u00e3o sabe ler. Por esta raz\u00e3o, at\u00e9 \u00e0 data n\u00e3o existia nenhum servi\u00e7o no mundo que satisfizesse as necessidades dos burazilianos japoneses.<\/p>\n\n\n\n<p>Para tentar contornar essa situa\u00e7\u00e3o, oferecemos servi\u00e7os de pesquisa de ra\u00edzes para nipo-brasileiros.<br><br>\u3000Especificamente, a pedido de nipo-brasileiros em todo o mundo, obtemos os registos familiares dos antepassados do cliente, verificamos os registos de rascunho de passaporte no Gabinete de Refer\u00eancia Diplom\u00e1tica do Minist\u00e9rio dos Neg\u00f3cios Estrangeiros e pesquisamos documentos na Biblioteca Nacional da Dieta, arquivos locais, etc.<\/p>\n\n\n\n<p>\u3000\u00c0 medida que se recua no tempo, as informa\u00e7\u00f5es sobre os antepassados n\u00e3o podem ser encontradas nos registos de fam\u00edlia (o registo de fam\u00edlia do estilo Meiji 19 \u00e9 o mais antigo que se pode obter) e s\u00f3 podem ser encontradas em documentos antigos, como os registos hist\u00f3ricos. Tamb\u00e9m podemos pesquisar esses documentos antigos. Nalguns casos, podemos ajud\u00e1-lo a encontrar familiares no Jap\u00e3o e a restabelecer a liga\u00e7\u00e3o com eles.<\/p>\n\n\n\n<p>Para mais informa\u00e7\u00f5es, contacte-nos.<\/p>\n\n\n\n<div class=\"wp-block-vk-blocks-spacer vk_spacer vk_spacer-type-margin-top\"><div class=\"vk_block-margin-md--margin-top\"><\/div><\/div>\n\n\n\n<div class=\"wp-block-vk-blocks-button vk_button vk_button-color-custom vk_button-align-wide\"><a href=\"\/contact\/\" class=\"vk_button_link btn has-background has-luminous-vivid-amber-background-color btn has-text-color has-black-color btn-md\" role=\"button\" aria-pressed=\"true\" rel=\"noopener\"><div class=\"vk_button_link_caption\"><span class=\"vk_button_link_txt\">contacte-nos<\/span><i class=\"u003ci class=u0022fa-solid fa-angle-rightu0022u003eu003c\/iu003e vk_button_link_after\" aria-hidden=\"true\"><\/i><\/div><\/a><\/div>\n","protected":false},"excerpt":{"rendered":"<p>Muitos nipo-brasileiros que vivem no estrangeiro n\u00e3o conseguem encontrar as suas ra\u00edzes devido \u00e0s mudan\u00e7as soc [&hellip;]<\/p>\n","protected":false},"author":8,"featured_media":0,"parent":0,"menu_order":0,"comment_status":"closed","ping_status":"closed","template":"","meta":{"_locale":"pt_BR","_original_post":"http:\/\/kinokaze.jp\/?page_id=2434","vkexunit_cta_each_option":"","footnotes":""},"class_list":["post-2894","page","type-page","status-publish","has-post-thumbnail","hentry","pt-BR"],"jetpack_sharing_enabled":true,"_links":{"self":[{"href":"https:\/\/kinokaze.jp\/wp-json\/wp\/v2\/pages\/2894","targetHints":{"allow":["GET"]}}],"collection":[{"href":"https:\/\/kinokaze.jp\/wp-json\/wp\/v2\/pages"}],"about":[{"href":"https:\/\/kinokaze.jp\/wp-json\/wp\/v2\/types\/page"}],"author":[{"embeddable":true,"href":"https:\/\/kinokaze.jp\/wp-json\/wp\/v2\/users\/8"}],"replies":[{"embeddable":true,"href":"https:\/\/kinokaze.jp\/wp-json\/wp\/v2\/comments?post=2894"}],"version-history":[{"count":7,"href":"https:\/\/kinokaze.jp\/wp-json\/wp\/v2\/pages\/2894\/revisions"}],"predecessor-version":[{"id":2935,"href":"https:\/\/kinokaze.jp\/wp-json\/wp\/v2\/pages\/2894\/revisions\/2935"}],"wp:attachment":[{"href":"https:\/\/kinokaze.jp\/wp-json\/wp\/v2\/media?parent=2894"}],"curies":[{"name":"wp","href":"https:\/\/api.w.org\/{rel}","templated":true}]}}